{"id":239690,"date":"2023-05-02T18:54:43","date_gmt":"2023-05-02T16:54:43","guid":{"rendered":"https:\/\/bm-bagazniki.pl\/?page_id=239690"},"modified":"2023-05-03T09:06:08","modified_gmt":"2023-05-03T07:06:08","slug":"dostawa","status":"publish","type":"page","link":"https:\/\/bm-bagazniki.pl\/?page_id=239690","title":{"rendered":"Dostawa"},"content":{"rendered":"<p>[et_pb_section fb_built=&#8221;1&#8243; custom_padding_last_edited=&#8221;on|phone&#8221; _builder_version=&#8221;4.14.7&#8243; _module_preset=&#8221;default&#8221; background_enable_color=&#8221;off&#8221; use_background_color_gradient=&#8221;on&#8221; background_color_gradient_start=&#8221;rgba(0,0,0,0.67)&#8221; background_color_gradient_end=&#8221;rgba(255,255,255,0)&#8221; background_color_gradient_direction=&#8221;90deg&#8221; background_color_gradient_start_position=&#8221;40%&#8221; background_color_gradient_end_position=&#8221;90%&#8221; background_image=&#8221;https:\/\/bm-bagazniki.pl\/wp-content\/uploads\/2023\/05\/main-header.png&#8221; background_blend=&#8221;overlay&#8221; custom_padding_tablet=&#8221;30px||30px||true|false&#8221; custom_padding_phone=&#8221;20px||20px||true|false&#8221; hover_enabled=&#8221;0&#8243; locked=&#8221;off&#8221; global_colors_info=&#8221;{}&#8221; title_text=&#8221;main-header&#8221; sticky_enabled=&#8221;0&#8243;][et_pb_row use_custom_gutter=&#8221;on&#8221; make_equal=&#8221;on&#8221; _builder_version=&#8221;4.16&#8243; _module_preset=&#8221;default&#8221; width=&#8221;90%&#8221; max_width=&#8221;1400px&#8221; custom_padding=&#8221;||0px|||&#8221; global_colors_info=&#8221;{}&#8221;][et_pb_column type=&#8221;4_4&#8243; _builder_version=&#8221;4.16&#8243; _module_preset=&#8221;default&#8221; global_colors_info=&#8221;{}&#8221; custom_css_main_element_last_edited=&#8221;on|phone&#8221; custom_css_main_element_tablet=&#8221;padding-bottom:10px;&#8221; custom_css_main_element_phone=&#8221;margin-bottom:0px;&#8221;][et_pb_text _builder_version=&#8221;4.14.7&#8243; _module_preset=&#8221;020b907f-3824-4cde-9bfc-199ac70a11cd&#8221; text_font=&#8221;|||on|||||&#8221; text_font_size=&#8221;18px&#8221; text_letter_spacing=&#8221;1px&#8221; link_font=&#8221;||||||||&#8221; ul_font=&#8221;||||||||&#8221; ol_font=&#8221;||||||||&#8221; quote_font=&#8221;||||||||&#8221; header_font=&#8221;||||||||&#8221; header_2_font=&#8221;||||||||&#8221; header_3_font=&#8221;||||||||&#8221; header_4_font=&#8221;||||||||&#8221; header_5_font=&#8221;||||||||&#8221; header_6_font=&#8221;||||||||&#8221; custom_margin=&#8221;||15px||false|false&#8221; custom_margin_tablet=&#8221;||10px||false|false&#8221; custom_margin_phone=&#8221;||5px||false|false&#8221; custom_margin_last_edited=&#8221;on|desktop&#8221; text_font_size_tablet=&#8221;15px&#8221; text_font_size_phone=&#8221;&#8221; text_font_size_last_edited=&#8221;on|phone&#8221; text_orientation_tablet=&#8221;center&#8221; text_orientation_last_edited=&#8221;off|tablet&#8221; custom_css_main_element=&#8221;color:var(&#8211;color-1);\t&#8221; global_colors_info=&#8221;{}&#8221;]<\/p>\n<p>Bagmar<\/p>\n<p>[\/et_pb_text][et_pb_text _builder_version=&#8221;4.14.7&#8243; _module_preset=&#8221;c5e1c558-cbbf-4f46-917f-13388175cc27&#8243; text_font=&#8221;||||||||&#8221; text_text_color=&#8221;#FFFFFF&#8221; text_font_size=&#8221;20px&#8221; text_line_height=&#8221;30px&#8221; link_font=&#8221;||||||||&#8221; ul_font=&#8221;||||||||&#8221; ol_font=&#8221;||||||||&#8221; quote_font=&#8221;||||||||&#8221; header_font=&#8221;||||||||&#8221; header_text_align=&#8221;left&#8221; header_2_font=&#8221;|700||on|||||&#8221; header_2_text_align=&#8221;left&#8221; header_2_text_color=&#8221;#FFFFFF&#8221; header_2_font_size=&#8221;42px&#8221; header_2_letter_spacing=&#8221;2px&#8221; header_3_font=&#8221;||||||||&#8221; header_4_font=&#8221;|700|||||||&#8221; header_4_text_color=&#8221;#58595b&#8221; header_4_font_size=&#8221;50px&#8221; header_5_font=&#8221;||||||||&#8221; header_6_font=&#8221;||||||||&#8221; custom_margin_tablet=&#8221;||0px||false|false&#8221; custom_margin_phone=&#8221;||0px||false|false&#8221; custom_margin_last_edited=&#8221;on|phone&#8221; header_2_font_size_tablet=&#8221;40px&#8221; header_2_font_size_phone=&#8221;35px&#8221; header_2_font_size_last_edited=&#8221;on|phone&#8221; header_2_line_height_tablet=&#8221;40px&#8221; header_2_line_height_phone=&#8221;40px&#8221; header_2_line_height_last_edited=&#8221;on|tablet&#8221; header_4_font_size_tablet=&#8221;40px&#8221; header_4_font_size_phone=&#8221;35px&#8221; header_4_font_size_last_edited=&#8221;on|phone&#8221; header_4_line_height_tablet=&#8221;40px&#8221; header_4_line_height_phone=&#8221;40px&#8221; header_4_line_height_last_edited=&#8221;on|tablet&#8221; text_orientation_tablet=&#8221;center&#8221; text_orientation_last_edited=&#8221;off|tablet&#8221; global_colors_info=&#8221;{}&#8221;]<\/p>\n<h2>Dostawa<\/h2>\n<p>[\/et_pb_text][et_pb_divider color=&#8221;rgba(229,222,226,0.13)&#8221; _builder_version=&#8221;4.16&#8243; _module_preset=&#8221;default&#8221; min_height=&#8221;2px&#8221; height=&#8221;2px&#8221; custom_margin=&#8221;10px||5px||false|false&#8221; custom_padding=&#8221;||0px||false|false&#8221; global_colors_info=&#8221;{}&#8221;][\/et_pb_divider][et_pb_button button_url=&#8221;@ET-DC@eyJkeW5hbWljIjp0cnVlLCJjb250ZW50IjoiaG9tZV91cmwiLCJzZXR0aW5ncyI6e319@&#8221; button_text=&#8221;Strona g\u0142\u00f3wna&#8221; button_alignment=&#8221;left&#8221; button_alignment_tablet=&#8221;left&#8221; button_alignment_phone=&#8221;&#8221; button_alignment_last_edited=&#8221;on|phone&#8221; _builder_version=&#8221;4.14.7&#8243; _dynamic_attributes=&#8221;button_url&#8221; _module_preset=&#8221;default&#8221; custom_button=&#8221;on&#8221; button_text_size=&#8221;14px&#8221; button_border_width=&#8221;0px&#8221; button_border_color=&#8221;#42b4b0&#8243; button_border_radius=&#8221;30px&#8221; button_font=&#8221;|||on|||||&#8221; button_icon=&#8221;&#x39;||divi||400&#8243; button_on_hover=&#8221;off&#8221; custom_margin_tablet=&#8221;0px||||false|false&#8221; custom_margin_phone=&#8221;&#8221; custom_margin_last_edited=&#8221;on|desktop&#8221; custom_padding=&#8221;5px|0px|5px|5px|true|false|on&#8221; custom_css_main_element=&#8221;float:left;color:var(&#8211;color-1);\t&#8221; global_colors_info=&#8221;{}&#8221; button_bg_color__hover=&#8221;&#8221; button_bg_color__hover_enabled=&#8221;on|hover&#8221; button_border_color__hover=&#8221;#58595b&#8221; button_border_color__hover_enabled=&#8221;on|hover&#8221; button_letter_spacing__hover=&#8221;0px&#8221; button_letter_spacing__hover_enabled=&#8221;on|hover&#8221; button_bg_enable_color__hover=&#8221;off&#8221;][\/et_pb_button][et_pb_button button_text=&#8221;@ET-DC@eyJkeW5hbWljIjp0cnVlLCJjb250ZW50IjoicG9zdF90aXRsZSIsInNldHRpbmdzIjp7ImJlZm9yZSI6IiIsImFmdGVyIjoiIn19@&#8221; button_alignment=&#8221;left&#8221; button_alignment_tablet=&#8221;left&#8221; button_alignment_phone=&#8221;&#8221; button_alignment_last_edited=&#8221;on|phone&#8221; _builder_version=&#8221;4.16&#8243; _dynamic_attributes=&#8221;button_text&#8221; _module_preset=&#8221;default&#8221; custom_button=&#8221;on&#8221; button_text_size=&#8221;14px&#8221; button_text_color=&#8221;#FFFFFF&#8221; button_border_width=&#8221;0px&#8221; button_border_color=&#8221;#000000&#8243; button_border_radius=&#8221;30px&#8221; button_font=&#8221;|||on|||||&#8221; button_use_icon=&#8221;off&#8221; custom_margin=&#8221;-29px||||false|false&#8221; custom_margin_tablet=&#8221;-20px||||false|false&#8221; custom_margin_phone=&#8221;&#8221; custom_margin_last_edited=&#8221;on|desktop&#8221; custom_padding=&#8221;0px|30px|10px|30px|false|true|on&#8221; custom_css_main_element=&#8221;float:left;&#8221; global_colors_info=&#8221;{}&#8221; button_bg_color__hover=&#8221;rgba(255,255,255,0)&#8221; button_bg_color__hover_enabled=&#8221;on|hover&#8221; button_border_color__hover=&#8221;#58595b&#8221; button_border_color__hover_enabled=&#8221;on|hover&#8221; button_letter_spacing__hover=&#8221;1px&#8221; button_letter_spacing__hover_enabled=&#8221;on|hover&#8221; button_text_color__hover_enabled=&#8221;off|desktop&#8221; button_text_color__hover=&#8221;#42b4b0&#8243; button_bg_enable_color__hover=&#8221;on&#8221;][\/et_pb_button][\/et_pb_column][\/et_pb_row][\/et_pb_section][et_pb_section fb_built=&#8221;1&#8243; _builder_version=&#8221;4.14.7&#8243; _module_preset=&#8221;default&#8221; global_colors_info=&#8221;{}&#8221;][et_pb_row _builder_version=&#8221;4.14.7&#8243; _module_preset=&#8221;default&#8221; width=&#8221;90%&#8221; max_width=&#8221;1400px&#8221; global_colors_info=&#8221;{}&#8221;][et_pb_column type=&#8221;4_4&#8243; _builder_version=&#8221;4.14.7&#8243; _module_preset=&#8221;default&#8221; global_colors_info=&#8221;{}&#8221;][et_pb_blurb content_max_width=&#8221;100%&#8221; _builder_version=&#8221;4.14.7&#8243; _module_preset=&#8221;default&#8221; header_font=&#8221;|600|||||||&#8221; header_font_size=&#8221;35px&#8221; header_line_height=&#8221;45px&#8221; body_font_size=&#8221;16px&#8221; body_line_height=&#8221;28px&#8221; custom_margin=&#8221;||40px||false|false&#8221; custom_css_blurb_content=&#8221;font-weight:400;&#8221; locked=&#8221;off&#8221; global_colors_info=&#8221;{}&#8221;]<\/p>\n<p>Dostawy realizujemy w ci\u0105gu 3 dni roboczych<\/p>\n<p>Kurier DPD<\/p>\n<p>Koszt wysy\u0142ki:<\/p>\n<ul>\n<li style=\"list-style-type: none;\">\n<ul>\n<li style=\"list-style-type: none;\">\n<ul>\n<li>wp\u0142ata na konto: <strong>30z\u0142<\/strong><\/li>\n<li>pobranie: <strong>45z\u0142<\/strong><\/li>\n<\/ul>\n<\/li>\n<\/ul>\n<\/li>\n<\/ul>\n<p>[\/et_pb_blurb][\/et_pb_column][\/et_pb_row][\/et_pb_section]<\/p>\n","protected":false},"excerpt":{"rendered":"<p>BagmarDostawaDostawy realizujemy w ci\u0105gu 3 dni roboczych Kurier DPD Koszt wysy\u0142ki: wp\u0142ata na konto: 30z\u0142 pobranie: 45z\u0142<\/p>\n","protected":false},"author":1,"featured_media":0,"parent":0,"menu_order":0,"comment_status":"closed","ping_status":"closed","template":"","meta":{"_et_pb_use_builder":"on","_et_pb_old_content":"","_et_gb_content_width":"","footnotes":""},"class_list":["post-239690","page","type-page","status-publish","hentry"],"_links":{"self":[{"href":"https:\/\/bm-bagazniki.pl\/index.php?rest_route=\/wp\/v2\/pages\/239690","targetHints":{"allow":["GET"]}}],"collection":[{"href":"https:\/\/bm-bagazniki.pl\/index.php?rest_route=\/wp\/v2\/pages"}],"about":[{"href":"https:\/\/bm-bagazniki.pl\/index.php?rest_route=\/wp\/v2\/types\/page"}],"author":[{"embeddable":true,"href":"https:\/\/bm-bagazniki.pl\/index.php?rest_route=\/wp\/v2\/users\/1"}],"replies":[{"embeddable":true,"href":"https:\/\/bm-bagazniki.pl\/index.php?rest_route=%2Fwp%2Fv2%2Fcomments&post=239690"}],"version-history":[{"count":5,"href":"https:\/\/bm-bagazniki.pl\/index.php?rest_route=\/wp\/v2\/pages\/239690\/revisions"}],"predecessor-version":[{"id":239753,"href":"https:\/\/bm-bagazniki.pl\/index.php?rest_route=\/wp\/v2\/pages\/239690\/revisions\/239753"}],"wp:attachment":[{"href":"https:\/\/bm-bagazniki.pl\/index.php?rest_route=%2Fwp%2Fv2%2Fmedia&parent=239690"}],"curies":[{"name":"wp","href":"https:\/\/api.w.org\/{rel}","templated":true}]}}