{"id":100206,"date":"2023-03-01T16:10:33","date_gmt":"2023-03-01T15:10:33","guid":{"rendered":"https:\/\/bm-bagazniki.pl\/?post_type=product&#038;p=100206"},"modified":"2023-03-01T16:10:33","modified_gmt":"2023-03-01T15:10:33","slug":"thule-proride-591-logo-bmw","status":"publish","type":"product","link":"https:\/\/bm-bagazniki.pl\/?product=thule-proride-591-logo-bmw","title":{"rendered":"Thule ProRide 591 Logo BMW"},"content":{"rendered":"<p>Baga\u017cniki w dobrym stanie technicznym.<br \/>\nKompletne<br \/>\nPosiadaj\u0105 po 1 kluczyku<\/p>\n<p>3 szt s\u0105 mocowania na wsuwki &#8220;T&#8221; oryginalne pod BMW czyli te szersze od standardowych.<\/p>\n<p>2 szt s\u0105 mocowania na wsuwki &#8220;T&#8221; standardowe do normalnych belek dachowych.l<\/p>\n<p>Cena za sztuk\u0119<\/p>\n","protected":false},"excerpt":{"rendered":"<p>Baga\u017cniki w dobrym stanie technicznym. Kompletne Posiadaj\u0105 po 1 kluczyku 3 szt s\u0105 mocowania na wsuwki &#8220;T&#8221; oryginalne pod BMW czyli te szersze od standardowych. 2 szt s\u0105 mocowania na wsuwki &#8220;T&#8221; standardowe do normalnych belek dachowych.l Cena za sztuk\u0119<\/p>\n","protected":false},"featured_media":100207,"comment_status":"open","ping_status":"closed","template":"","meta":{"_et_pb_use_builder":"","_et_pb_old_content":"","_et_gb_content_width":""},"product_cat":[58,59],"product_tag":[],"class_list":{"0":"post-100206","1":"product","2":"type-product","3":"status-publish","4":"has-post-thumbnail","6":"product_cat-bagazniki-rowerowe","7":"product_cat-bagazniki-rowerowe-na-dach","9":"first","10":"instock","11":"shipping-taxable","12":"purchasable","13":"product-type-simple"},"_links":{"self":[{"href":"https:\/\/bm-bagazniki.pl\/index.php?rest_route=\/wp\/v3\/product\/100206","targetHints":{"allow":["GET"]}}],"collection":[{"href":"https:\/\/bm-bagazniki.pl\/index.php?rest_route=\/wp\/v3\/product"}],"about":[{"href":"https:\/\/bm-bagazniki.pl\/index.php?rest_route=\/wp\/v2\/types\/product"}],"replies":[{"embeddable":true,"href":"https:\/\/bm-bagazniki.pl\/index.php?rest_route=%2Fwp%2Fv2%2Fcomments&post=100206"}],"wp:featuredmedia":[{"embeddable":true,"href":"https:\/\/bm-bagazniki.pl\/index.php?rest_route=\/wp\/v2\/media\/100207"}],"wp:attachment":[{"href":"https:\/\/bm-bagazniki.pl\/index.php?rest_route=%2Fwp%2Fv2%2Fmedia&parent=100206"}],"wp:term":[{"taxonomy":"product_cat","embeddable":true,"href":"https:\/\/bm-bagazniki.pl\/index.php?rest_route=%2Fwp%2Fv2%2Fproduct_cat&post=100206"},{"taxonomy":"product_tag","embeddable":true,"href":"https:\/\/bm-bagazniki.pl\/index.php?rest_route=%2Fwp%2Fv2%2Fproduct_tag&post=100206"}],"curies":[{"name":"wp","href":"https:\/\/api.w.org\/{rel}","templated":true}]}}