{"id":100215,"date":"2023-03-01T17:16:07","date_gmt":"2023-03-01T16:16:07","guid":{"rendered":"https:\/\/bm-bagazniki.pl\/?post_type=product&#038;p=100215"},"modified":"2023-03-01T17:16:07","modified_gmt":"2023-03-01T16:16:07","slug":"bagaznik-azura-easy-led-na-hak-2-rowery","status":"publish","type":"product","link":"https:\/\/bm-bagazniki.pl\/?product=bagaznik-azura-easy-led-na-hak-2-rowery","title":{"rendered":"Baga\u017cnik Azura Easy Led. Na hak, 2 rowery"},"content":{"rendered":"<p>Marka XLC<br \/>\nKolor czarny-srebrny<br \/>\nLiczba pin\u00f3w 13, 7<br \/>\nLiczba rower\u00f3w 2<br \/>\n\u0141adowno\u015b\u0107 30 kg<br \/>\nO\u015bwietlenie tak<br \/>\nSk\u0142adany tak<br \/>\nSzeroko\u015b\u0107 opony do 57 mm (2,25&#8243;)<br \/>\nTyp nadwozia hatchback, sedan, kombi, SUV<br \/>\nUchylny nie<br \/>\nZamkni\u0119cie na kluczy ktak<br \/>\nWaga produktu 12,00 kg<\/p>\n","protected":false},"excerpt":{"rendered":"<p>Marka XLC Kolor czarny-srebrny Liczba pin\u00f3w 13, 7 Liczba rower\u00f3w 2 \u0141adowno\u015b\u0107 30 kg O\u015bwietlenie tak Sk\u0142adany tak Szeroko\u015b\u0107 opony do 57 mm (2,25&#8243;) Typ nadwozia hatchback, sedan, kombi, SUV Uchylny nie Zamkni\u0119cie na kluczy ktak Waga produktu 12,00 kg<\/p>\n","protected":false},"featured_media":100216,"comment_status":"open","ping_status":"closed","template":"","meta":{"_et_pb_use_builder":"","_et_pb_old_content":"","_et_gb_content_width":""},"product_cat":[58,60],"product_tag":[],"class_list":{"0":"post-100215","1":"product","2":"type-product","3":"status-publish","4":"has-post-thumbnail","6":"product_cat-bagazniki-rowerowe","7":"product_cat-bagazniki-rowerowe-na-hak","9":"first","10":"instock","11":"shipping-taxable","12":"purchasable","13":"product-type-simple"},"_links":{"self":[{"href":"https:\/\/bm-bagazniki.pl\/index.php?rest_route=\/wp\/v3\/product\/100215","targetHints":{"allow":["GET"]}}],"collection":[{"href":"https:\/\/bm-bagazniki.pl\/index.php?rest_route=\/wp\/v3\/product"}],"about":[{"href":"https:\/\/bm-bagazniki.pl\/index.php?rest_route=\/wp\/v2\/types\/product"}],"replies":[{"embeddable":true,"href":"https:\/\/bm-bagazniki.pl\/index.php?rest_route=%2Fwp%2Fv2%2Fcomments&post=100215"}],"wp:featuredmedia":[{"embeddable":true,"href":"https:\/\/bm-bagazniki.pl\/index.php?rest_route=\/wp\/v2\/media\/100216"}],"wp:attachment":[{"href":"https:\/\/bm-bagazniki.pl\/index.php?rest_route=%2Fwp%2Fv2%2Fmedia&parent=100215"}],"wp:term":[{"taxonomy":"product_cat","embeddable":true,"href":"https:\/\/bm-bagazniki.pl\/index.php?rest_route=%2Fwp%2Fv2%2Fproduct_cat&post=100215"},{"taxonomy":"product_tag","embeddable":true,"href":"https:\/\/bm-bagazniki.pl\/index.php?rest_route=%2Fwp%2Fv2%2Fproduct_tag&post=100215"}],"curies":[{"name":"wp","href":"https:\/\/api.w.org\/{rel}","templated":true}]}}